{"id":2,"date":"2009-07-21T13:10:35","date_gmt":"2009-07-21T17:10:35","guid":{"rendered":"http:\/\/www.moebius77.com\/blog2\/?page_id=2"},"modified":"2011-10-27T10:40:54","modified_gmt":"2011-10-27T09:40:54","slug":"about","status":"publish","type":"page","link":"http:\/\/www.moebius77.com\/blog2\/about\/","title":{"rendered":"Sobre m\u00ed"},"content":{"rendered":"<p><img loading=\"lazy\" decoding=\"async\" class=\"alignleft size-full wp-image-474\" title=\"retrato\" src=\"http:\/\/www.moebius77.com\/blog2\/wp-content\/uploads\/2009\/07\/retrato.jpg\" alt=\"retrato\" width=\"100\" height=\"100\" \/> Vicente naci\u00f3 en Venezuela en la peor \u00e9poca: finales de los &#8217;70. Es decir, todo lo divertido ya hab\u00eda terminado. No m\u00e1s sexo, drogas y rock \u2018n roll: a nosotros nos toc\u00f3 la explosi\u00f3n de Wall Street y los mercados burs\u00e1tiles, el Sida y la coca\u00edna. Eso explica, de cierta manera, la transformaci\u00f3n de Vicente en un verdadero rat\u00f3n de biblioteca. Estudi\u00f3 Psicolog\u00eda, obtuvo un master en Sociolog\u00eda (etnometodolog\u00eda, donde el primer semestre lo inviertes tratando de escribir la palabra correctamente) y un doctorado en Filosof\u00eda. Esto puso un excitante y divertido mundo a sus pies: se desempe\u00f1\u00f3 como barman, gu\u00eda tur\u00edstico, sirviente y amo de casa, traductor, profesor de lenguas, ni\u00f1ero, encuestador en la calle, extra de pel\u00edculas, vigilante nocturno, obrero de mudanzas, editor de pel\u00edculas, m\u00fasico de Metro;\u00a0eso hasta ahora. Aparte de sus incursiones en el mundo laboral, escribi\u00f3 y public\u00f3\u00a04 novelas (<a href=\"http:\/\/www.moebius77.com\/novela\/\">disponibles ac\u00e1<\/a>), colabor\u00f3 con peri\u00f3dicos y revistas electr\u00f3nicas y particip\u00f3 en debates y mesas redondas. Hoy en d\u00eda, Vicente colabora con oscuros y desconocidos artistas de todo tipo y a\u00f1ora realizar su sue\u00f1o, ser due\u00f1o de un circo. Por las noches lleva a cabo audiciones para el puesto de &#8220;tragadora de espadas&#8221; con mujeres de todo tipo.<\/p>\n<p><a href=\"http:\/\/www.moebius77.com\/blog2\/contacto\/\"><strong>Contacto<\/strong><\/a><\/p>\n","protected":false},"excerpt":{"rendered":"<p>Vicente naci\u00f3 en Venezuela en la peor \u00e9poca: finales de los &#8217;70. Es decir, todo lo divertido ya hab\u00eda terminado. No m\u00e1s sexo, drogas y rock \u2018n roll: a nosotros nos toc\u00f3 la explosi\u00f3n de Wall Street y los mercados &hellip; <a href=\"http:\/\/www.moebius77.com\/blog2\/about\/\">Continue reading <span class=\"meta-nav\">&rarr;<\/span><\/a><\/p>\n","protected":false},"author":4,"featured_media":0,"parent":0,"menu_order":0,"comment_status":"open","ping_status":"open","template":"","meta":{"footnotes":""},"class_list":["post-2","page","type-page","status-publish","hentry"],"_links":{"self":[{"href":"http:\/\/www.moebius77.com\/blog2\/wp-json\/wp\/v2\/pages\/2","targetHints":{"allow":["GET"]}}],"collection":[{"href":"http:\/\/www.moebius77.com\/blog2\/wp-json\/wp\/v2\/pages"}],"about":[{"href":"http:\/\/www.moebius77.com\/blog2\/wp-json\/wp\/v2\/types\/page"}],"author":[{"embeddable":true,"href":"http:\/\/www.moebius77.com\/blog2\/wp-json\/wp\/v2\/users\/4"}],"replies":[{"embeddable":true,"href":"http:\/\/www.moebius77.com\/blog2\/wp-json\/wp\/v2\/comments?post=2"}],"version-history":[{"count":7,"href":"http:\/\/www.moebius77.com\/blog2\/wp-json\/wp\/v2\/pages\/2\/revisions"}],"predecessor-version":[{"id":1121,"href":"http:\/\/www.moebius77.com\/blog2\/wp-json\/wp\/v2\/pages\/2\/revisions\/1121"}],"wp:attachment":[{"href":"http:\/\/www.moebius77.com\/blog2\/wp-json\/wp\/v2\/media?parent=2"}],"curies":[{"name":"wp","href":"https:\/\/api.w.org\/{rel}","templated":true}]}}