{"id":1633,"date":"2018-08-26T18:09:14","date_gmt":"2018-08-26T17:09:14","guid":{"rendered":"http:\/\/www.moebius77.com\/blog2\/?page_id=1633"},"modified":"2018-08-26T18:09:14","modified_gmt":"2018-08-26T17:09:14","slug":"merchandising-y-donaciones","status":"publish","type":"page","link":"http:\/\/www.moebius77.com\/blog2\/merchandising-y-donaciones\/","title":{"rendered":"Merchandising y donaciones"},"content":{"rendered":"<p><img loading=\"lazy\" decoding=\"async\" class=\"aligncenter\" src=\"https:\/\/quemas.fr\/files\/2018\/08\/tienda.jpg\" alt=\"\" width=\"632\" height=\"314\" \/><\/p>\n<p>Nos pareci\u00f3 que era una buena idea hacer unas franelas de nuestros patrocinadores y una mejor idea a\u00fan, donar toda la ganancia que obtuvi\u00e9ramos (alrededor de $4) a una organizaci\u00f3n ben\u00e9fica en Venezuela.<\/p>\n<p>Lo estamos haciendo con spreadshirt, que tienen materiales e impresiones de buena calidad y un buen sistema de pagos. Tienen f\u00e1bricas en varios lugares y env\u00edan a todas partes del mundo.<\/p>\n<p>Entra a la tienda haciendo click aqu\u00ed:\u00a0<a href=\"https:\/\/shop.spreadshirt.com\/quemas\/\">https:\/\/shop.spreadshirt.com\/quemas\/<\/a><\/p>\n<p>Si prefieres hacer una donaci\u00f3n directa de $4 (\u00a1o m\u00e1s!), puedes hacerlo haciendo click aqu\u00ed:\u00a0<a href=\"https:\/\/www.paypal.me\/PreparaFamilia\">https:\/\/www.paypal.me\/PreparaFamilia<\/a><\/p>\n<p>Si quieres saber m\u00e1s sobre las organizaciones que apoyamos:<\/p>\n<p><a href=\"https:\/\/www.facebook.com\/FeyAlegriaVenezuela\/\">https:\/\/www.facebook.com\/FeyAlegriaVenezuela\/<\/a><\/p>\n<p><a href=\"https:\/\/www.facebook.com\/preparafamilia\/\">https:\/\/www.facebook.com\/preparafamilia\/<\/a><\/p>\n<p>M\u00fasica:\u00a0<a href=\"http:\/\/freemusicarchive.org\/music\/King_Imagine\/\">King Imagine<\/a>\u00a0y\u00a0<a href=\"http:\/\/freemusicarchive.org\/music\/Krestovsky\/\">Krestovsky<\/a>.<\/p>\n<p>Podcast:\u00a0<a href=\"https:\/\/www.depr001.com\/media\/quemas\/032-tenemos-franelas.mp3\">mp3 de este episodio<\/a><\/p>\n","protected":false},"excerpt":{"rendered":"<p>Nos pareci\u00f3 que era una buena idea hacer unas franelas de nuestros patrocinadores y una mejor idea a\u00fan, donar toda la ganancia que obtuvi\u00e9ramos (alrededor de $4) a una organizaci\u00f3n ben\u00e9fica en Venezuela. Lo estamos haciendo con spreadshirt, que tienen &hellip; <a href=\"http:\/\/www.moebius77.com\/blog2\/merchandising-y-donaciones\/\">Continue reading <span class=\"meta-nav\">&rarr;<\/span><\/a><\/p>\n","protected":false},"author":4,"featured_media":0,"parent":0,"menu_order":0,"comment_status":"open","ping_status":"open","template":"","meta":{"footnotes":""},"class_list":["post-1633","page","type-page","status-publish","hentry"],"_links":{"self":[{"href":"http:\/\/www.moebius77.com\/blog2\/wp-json\/wp\/v2\/pages\/1633","targetHints":{"allow":["GET"]}}],"collection":[{"href":"http:\/\/www.moebius77.com\/blog2\/wp-json\/wp\/v2\/pages"}],"about":[{"href":"http:\/\/www.moebius77.com\/blog2\/wp-json\/wp\/v2\/types\/page"}],"author":[{"embeddable":true,"href":"http:\/\/www.moebius77.com\/blog2\/wp-json\/wp\/v2\/users\/4"}],"replies":[{"embeddable":true,"href":"http:\/\/www.moebius77.com\/blog2\/wp-json\/wp\/v2\/comments?post=1633"}],"version-history":[{"count":1,"href":"http:\/\/www.moebius77.com\/blog2\/wp-json\/wp\/v2\/pages\/1633\/revisions"}],"predecessor-version":[{"id":1634,"href":"http:\/\/www.moebius77.com\/blog2\/wp-json\/wp\/v2\/pages\/1633\/revisions\/1634"}],"wp:attachment":[{"href":"http:\/\/www.moebius77.com\/blog2\/wp-json\/wp\/v2\/media?parent=1633"}],"curies":[{"name":"wp","href":"https:\/\/api.w.org\/{rel}","templated":true}]}}