{"id":1631,"date":"2018-08-26T18:06:20","date_gmt":"2018-08-26T17:06:20","guid":{"rendered":"http:\/\/www.moebius77.com\/blog2\/?page_id=1631"},"modified":"2018-08-26T18:06:20","modified_gmt":"2018-08-26T17:06:20","slug":"%c2%a1podcast","status":"publish","type":"page","link":"http:\/\/www.moebius77.com\/blog2\/%c2%a1podcast\/","title":{"rendered":"\u00a1Podcast!"},"content":{"rendered":"<p><img loading=\"lazy\" decoding=\"async\" class=\"aligncenter\" src=\"https:\/\/quemas.fr\/files\/2018\/01\/cropped-logo-quemas-500.png\" alt=\"\" width=\"248\" height=\"248\" \/><\/p>\n<p>&nbsp;<\/p>\n<header>\n<h2><strong><a href=\"https:\/\/quemas.fr\/\" rel=\"bookmark\">\u00bfQu\u00e9 m\u00e1s?, el podcast<\/a><\/strong><\/h2>\n<\/header>\n<p>&nbsp;<\/p>\n<div>\n<p>Un fil\u00f3sofo y un poeta se re\u00fanen durante el almuerzo y hablan sobre sexo, drogas, chicken nuggets, paternidad, kung fu, emigraci\u00f3n, publicar novelas, tomar ayahuasca, liberalismo, robots, teor\u00eda de la simulaci\u00f3n, ayunos, meditaci\u00f3n, legalizar el MDMA, comer foie gras y budismo zen. Tal vez no en ese orden.<\/p>\n<p>Todos los domingos. Episodios de una hora o menos.<\/p>\n<p>Presentado por\u00a0<a href=\"https:\/\/twitter.com\/vinz77\">Vicente Ulive-Schnell<\/a>\u00a0y\u00a0<a href=\"https:\/\/twitter.com\/depr001\">Daniel Pratt<\/a>, ex-miembros del grupo Wu Tang Clan y due\u00f1os de la empresa PayPal.<\/p>\n<\/div>\n","protected":false},"excerpt":{"rendered":"<p>&nbsp; \u00bfQu\u00e9 m\u00e1s?, el podcast &nbsp; Un fil\u00f3sofo y un poeta se re\u00fanen durante el almuerzo y hablan sobre sexo, drogas, chicken nuggets, paternidad, kung fu, emigraci\u00f3n, publicar novelas, tomar ayahuasca, liberalismo, robots, teor\u00eda de la simulaci\u00f3n, ayunos, meditaci\u00f3n, legalizar &hellip; <a href=\"http:\/\/www.moebius77.com\/blog2\/%c2%a1podcast\/\">Continue reading <span class=\"meta-nav\">&rarr;<\/span><\/a><\/p>\n","protected":false},"author":4,"featured_media":0,"parent":0,"menu_order":0,"comment_status":"open","ping_status":"open","template":"","meta":{"footnotes":""},"class_list":["post-1631","page","type-page","status-publish","hentry"],"_links":{"self":[{"href":"http:\/\/www.moebius77.com\/blog2\/wp-json\/wp\/v2\/pages\/1631","targetHints":{"allow":["GET"]}}],"collection":[{"href":"http:\/\/www.moebius77.com\/blog2\/wp-json\/wp\/v2\/pages"}],"about":[{"href":"http:\/\/www.moebius77.com\/blog2\/wp-json\/wp\/v2\/types\/page"}],"author":[{"embeddable":true,"href":"http:\/\/www.moebius77.com\/blog2\/wp-json\/wp\/v2\/users\/4"}],"replies":[{"embeddable":true,"href":"http:\/\/www.moebius77.com\/blog2\/wp-json\/wp\/v2\/comments?post=1631"}],"version-history":[{"count":1,"href":"http:\/\/www.moebius77.com\/blog2\/wp-json\/wp\/v2\/pages\/1631\/revisions"}],"predecessor-version":[{"id":1632,"href":"http:\/\/www.moebius77.com\/blog2\/wp-json\/wp\/v2\/pages\/1631\/revisions\/1632"}],"wp:attachment":[{"href":"http:\/\/www.moebius77.com\/blog2\/wp-json\/wp\/v2\/media?parent=1631"}],"curies":[{"name":"wp","href":"https:\/\/api.w.org\/{rel}","templated":true}]}}