{"id":1111,"date":"2011-10-26T20:49:12","date_gmt":"2011-10-26T19:49:12","guid":{"rendered":"http:\/\/www.moebius77.com\/blog2\/?page_id=1111"},"modified":"2011-10-26T20:56:41","modified_gmt":"2011-10-26T19:56:41","slug":"yo-mate-a-simon-bolivar","status":"publish","type":"page","link":"http:\/\/www.moebius77.com\/blog2\/yo-mate-a-simon-bolivar\/","title":{"rendered":"Yo mat\u00e9 a Sim\u00f3n Bol\u00edvar"},"content":{"rendered":"<p><img loading=\"lazy\" decoding=\"async\" class=\"alignleft\" src=\"http:\/\/www.moebius77.com\/blog2\/wp-content\/uploads\/2011\/04\/YMSB2.jpg\" alt=\"\" width=\"300\" height=\"300\" \/>Una novela, disponible en l\u00ednea en <a href=\"http:\/\/www.amazon.com\/mat%C3%A9-Sim%C3%B3n-Bol%C3%ADvar-Spanish-ebook\/dp\/B004CLYLPS\/ref=sr_1_1?ie=UTF8&amp;m=AC2OY4L5JUE2O&amp;s=digital-text&amp;qid=1290418247&amp;sr=1-1\">Amazon.com<\/a>. Un intento de construir narrativa de ficci\u00f3n sobre la delgada l\u00ednea roja de la realidad: el 11 de abril del 2002, o el \u201cnain ileben\u201d (9-11) venezolano.<\/p>\n<p>Una realidad, dos lecturas, dos protagonistas: \u201cYo mat\u00e9 a Sim\u00f3n Bol\u00edvar\u201d est\u00e1 compuesta por dos libros, ying y yang, que se complementan, se entrecruzan, a veces se funden en un solo relato. Los mismos hechos se narran desde extremos opuestos, por lo cual la lectura del libro debe considerarse incompleta si no se aborda \u201cel otro lado\u201d, sin importar cu\u00e1l lado se ha le\u00eddo primero.<\/p>\n<p>Dos Historias, dos versiones de los hechos, dos bandos radicalmente divididos y enfrentados a ultranza.<\/p>\n<p>Un solo pa\u00eds.<\/p>\n<p>\u00bfQui\u00e9n mat\u00f3 a Sim\u00f3n Bol\u00edvar?<\/p>\n<p>Ac\u00e1 les dejo la contraportada del libro. Estamos trabajando en la versi\u00f3n f\u00edsica en papel del texto, que reproduce de manera m\u00e1s fidedigna la idea inicial que trac\u00e9 para el libro, en lo que se refiere a estilo y edici\u00f3n. Este libro \u201cedici\u00f3n de coleccionista\u201d, comprender\u00e1 *ambas novelas*, una contra la otra, con dos portadas y ninguna contraportada. El lector puede empezar a leerla desde cualquier \u201clado\u201d.<\/p>\n<p>En estos d\u00edas publicar\u00e9 por ac\u00e1 algunos cap\u00edtulos representativos, para que puedan ver el estilo y la intenci\u00f3n que se avanza en la narrativa.<\/p>\n<p><strong>Contraportada<\/strong><br \/>\n<em>11 de abril de 2002.<\/em> En el Centro de Caracas, a escasas calles del Palacio de Miraflores donde se encuentra el Presidente de Venezuela, suceden enfrentamientos armados donde caen abatidos decenas de ciudadanos. La crisis institucional, social y pol\u00edtica que le sigue constituye el pol\u00e9mico escenario sobre el cual se teje uno de los proyectos literarios m\u00e1s arriesgados de la literatura venezolana contempor\u00e1nea.<\/p>\n<p>A trav\u00e9s de dos personajes opuestos pero complementarios, la novela <strong><em>Yo mat\u00e9 a Sim\u00f3n Bol\u00edvar<\/em><\/strong> pasea al lector por los discursos predominantes utilizados por el gobierno y la oposici\u00f3n, a la vez que construye una complicada telara\u00f1a de intrigas y tramas diferentes. Vali\u00e9ndose de una diversidad de estilos tomados de la novela negra, la narraci\u00f3n en primera persona, el surrealismo y las mangas japonesas, <em><strong>Yo mat\u00e9 a Sim\u00f3n Bol\u00edvar<\/strong><\/em> nos presenta un pa\u00eds radicalmente dividido donde se construye una novela que debe ser le\u00edda \u201cdesde ambos lados\u201d, ying y yang, para ser entendida a cabalidad.<\/p>\n<p><strong>Vicente Ulive-Schnell <\/strong>(Caracas, 1976) posee una licenciatura en Psicolog\u00eda Cl\u00ednica y Social, un Master en Etnometodolog\u00eda y un Doctorado en Filosof\u00eda del Lenguaje. Esto le ha abierto las puertas a excitantes ofertas laborales como barman, ni\u00f1ero, gu\u00eda tur\u00edstico, vigilante nocturno, profesor de maternal, obrero de mudanzas y dem\u00e1s. Es autor de 3 novelas, <em>An\u00e9cdotas de la decadencia caraque\u00f1a<\/em>, <em>Caracas cruzada<\/em> e <em>Historias de un arrabal parisino<\/em>. Miembro del colectivo independiente de creadores Niu Image, ha escrito y realizado <a href=\"http:\/\/vimeo.com\/7832587\">varios cortometrajes<\/a>; tambi\u00e9n organiza proyecciones, conciertos y lecturas, durante la manifestaci\u00f3n alternativa e impredecible <a href=\"http:\/\/www.youtube.com\/watch?v=X28mLnRomGU\">Niu Imaginarium<\/a>. Fue una de las figuras emblem\u00e1ticas de <a href=\"http:\/\/elnuevocojo.com\/\">El nuevo cojo ilustrado<\/a> y ha colaborado en varias compilaciones de escritores latinoamericanos.<\/p>\n<p><strong><em>Yo mat\u00e9 a Sim\u00f3n Bol\u00edvar<\/em><\/strong> est\u00e1 disponible ac\u00e1 en versi\u00f3n electr\u00f3nica: <a href=\"http:\/\/www.amazon.com\/mat%C3%A9-Sim%C3%B3n-Bol%C3%ADvar-Spanish-ebook\/dp\/B004CLYLPS\/ref=tmm_kin_title_0?ie=UTF8&amp;m=AC2OY4L5JUE2O\">Ying<\/a> y <a href=\"http:\/\/www.amazon.com\/mat%C3%A9-Sim%C3%B3n-Bol%C3%ADvar-Spanish-ebook\/dp\/B004CLYLY4\/ref=tmm_kin_title_1?ie=UTF8&amp;m=AC2OY4L5JUE2O\">Yang<\/a><\/p>\n<p>En versi\u00f3n f\u00edsica: <a href=\"http:\/\/www.amazon.com\/Yo-mat%C3%A9-Sim%C3%B3n-Bol%C3%ADvar-Spanish\/dp\/1460907949\">Ying+Yang\u00a0<\/a><\/p>\n<p>Cap\u00edtulos en l\u00ednea:<\/p>\n<ul>\n<li><strong><a href=\"http:\/\/www.moebius77.com\/blog2\/2010\/11\/beban-de-mi-sangre-yo-mate-a-simon-bolivar\/\" target=\"_blank\">Beban de mi sangre<\/a><\/strong><\/li>\n<li><strong><a href=\"http:\/\/www.moebius77.com\/blog2\/2010\/11\/perdidos-en-el-laberinto-de-espejos-del-fuerte-tiuna-yo-mate-a-simon-bolivar\/\">Perdidos en el laberinto de espejos del Fuerte Tiuna<\/a><\/strong><\/li>\n<li><strong><a href=\"http:\/\/www.moebius77.com\/blog2\/2011\/04\/en-busca-del-dorado-yo-mate-a-simon-bolivar\/\">En busca del dorado<\/a><\/strong><\/li>\n<\/ul>\n","protected":false},"excerpt":{"rendered":"<p>Una novela, disponible en l\u00ednea en Amazon.com. Un intento de construir narrativa de ficci\u00f3n sobre la delgada l\u00ednea roja de la realidad: el 11 de abril del 2002, o el \u201cnain ileben\u201d (9-11) venezolano. Una realidad, dos lecturas, dos protagonistas: &hellip; <a href=\"http:\/\/www.moebius77.com\/blog2\/yo-mate-a-simon-bolivar\/\">Continue reading <span class=\"meta-nav\">&rarr;<\/span><\/a><\/p>\n","protected":false},"author":4,"featured_media":0,"parent":0,"menu_order":0,"comment_status":"open","ping_status":"open","template":"","meta":{"footnotes":""},"class_list":["post-1111","page","type-page","status-publish","hentry"],"_links":{"self":[{"href":"http:\/\/www.moebius77.com\/blog2\/wp-json\/wp\/v2\/pages\/1111","targetHints":{"allow":["GET"]}}],"collection":[{"href":"http:\/\/www.moebius77.com\/blog2\/wp-json\/wp\/v2\/pages"}],"about":[{"href":"http:\/\/www.moebius77.com\/blog2\/wp-json\/wp\/v2\/types\/page"}],"author":[{"embeddable":true,"href":"http:\/\/www.moebius77.com\/blog2\/wp-json\/wp\/v2\/users\/4"}],"replies":[{"embeddable":true,"href":"http:\/\/www.moebius77.com\/blog2\/wp-json\/wp\/v2\/comments?post=1111"}],"version-history":[{"count":6,"href":"http:\/\/www.moebius77.com\/blog2\/wp-json\/wp\/v2\/pages\/1111\/revisions"}],"predecessor-version":[{"id":1113,"href":"http:\/\/www.moebius77.com\/blog2\/wp-json\/wp\/v2\/pages\/1111\/revisions\/1113"}],"wp:attachment":[{"href":"http:\/\/www.moebius77.com\/blog2\/wp-json\/wp\/v2\/media?parent=1111"}],"curies":[{"name":"wp","href":"https:\/\/api.w.org\/{rel}","templated":true}]}}