{"id":1109,"date":"2011-10-26T20:40:32","date_gmt":"2011-10-26T19:40:32","guid":{"rendered":"http:\/\/www.moebius77.com\/blog2\/?page_id=1109"},"modified":"2011-10-27T10:39:00","modified_gmt":"2011-10-27T09:39:00","slug":"contacto","status":"publish","type":"page","link":"http:\/\/www.moebius77.com\/blog2\/contacto\/","title":{"rendered":"contacto"},"content":{"rendered":"<p><strong><a href=\"http:\/\/www.facebook.com\/ulive\" target=\"_blank\">facebook<\/a><\/strong><\/p>\n<p><strong><a href=\"http:\/\/www.twitter.com\/vinz77\">twitter<\/a><\/strong><\/p>\n<p><strong><a href=\"http:\/\/www.youtube.com\/user\/NiuImage77\" target=\"_blank\">videos<\/a><\/strong><\/p>\n<p><a href=\"http:\/\/www.moebius77.com\/blog2\/yo-mate-a-simon-bolivar\/\"><strong>&#8220;Yo mat\u00e9 a Sim\u00f3n Bol\u00edvar&#8221;<\/strong><\/a><\/p>\n","protected":false},"excerpt":{"rendered":"<p>facebook twitter videos &#8220;Yo mat\u00e9 a Sim\u00f3n Bol\u00edvar&#8221;<\/p>\n","protected":false},"author":4,"featured_media":0,"parent":0,"menu_order":0,"comment_status":"open","ping_status":"open","template":"","meta":{"footnotes":""},"class_list":["post-1109","page","type-page","status-publish","hentry"],"_links":{"self":[{"href":"http:\/\/www.moebius77.com\/blog2\/wp-json\/wp\/v2\/pages\/1109","targetHints":{"allow":["GET"]}}],"collection":[{"href":"http:\/\/www.moebius77.com\/blog2\/wp-json\/wp\/v2\/pages"}],"about":[{"href":"http:\/\/www.moebius77.com\/blog2\/wp-json\/wp\/v2\/types\/page"}],"author":[{"embeddable":true,"href":"http:\/\/www.moebius77.com\/blog2\/wp-json\/wp\/v2\/users\/4"}],"replies":[{"embeddable":true,"href":"http:\/\/www.moebius77.com\/blog2\/wp-json\/wp\/v2\/comments?post=1109"}],"version-history":[{"count":3,"href":"http:\/\/www.moebius77.com\/blog2\/wp-json\/wp\/v2\/pages\/1109\/revisions"}],"predecessor-version":[{"id":1120,"href":"http:\/\/www.moebius77.com\/blog2\/wp-json\/wp\/v2\/pages\/1109\/revisions\/1120"}],"wp:attachment":[{"href":"http:\/\/www.moebius77.com\/blog2\/wp-json\/wp\/v2\/media?parent=1109"}],"curies":[{"name":"wp","href":"https:\/\/api.w.org\/{rel}","templated":true}]}}